{"id":1217,"date":"2020-05-14T16:33:17","date_gmt":"2020-05-14T20:33:17","guid":{"rendered":"http:\/\/ethicshub.ca\/outils\/models\/"},"modified":"2020-06-12T13:22:23","modified_gmt":"2020-06-12T17:22:23","slug":"models","status":"publish","type":"page","link":"https:\/\/ethicshub.ca\/fr\/outils\/models\/","title":{"rendered":"Instruments mod\u00e8les"},"content":{"rendered":"<h3>Cr\u00e9ation et \u00e9valuation d&rsquo;instruments \u00e9thiques<\/h3>\n<p>Les instruments \u00e9thiques peuvent contribuer \u00e0 l\u2019\u00e9tablissement de relations plus respectueuses et \u00e9quitables entre les communaut\u00e9s autochtones\u00a0et les chercheurs.<\/p>\n<p>Le d\u00e9veloppement de ces instruments peut \u00e9galement contribuer \u00e0 la revitalisation des cultures juridiques autochtones ainsi qu\u2019\u00e0 l\u2019auto-d\u00e9termination des communaut\u00e9s. Pour les chercheurs, cet exercice peut leur permettre de faire \u00e9voluer leurs pratiques et de poser les bases de nouvelles relations.<\/p>\n<p>Il s\u2019agit d\u2019outils dont le d\u00e9veloppement n\u00e9cessite tr\u00e8s peu de moyens et de ressources. Il existe par ailleurs de nombreux <a href=\"https:\/\/ethicshub.ca\/tools\/\">exemples disponibles<\/a> qui peuvent servir d\u2019inspiration.<\/p>\n<p>Ces outils peuvent s\u2019av\u00e9rer particuli\u00e8rement pertinents dans les cas o\u00f9 les \u00c9tats ne pr\u00e9voient pas de protection sp\u00e9cifique pour la protection des communaut\u00e9s et de leur patrimoine culturel immat\u00e9riel. Ils peuvent \u00e9galement \u00eatre utiles en compl\u00e9ment de cadres \u00e9tatiques.<\/p>\n<p>Afin de contribuer au d\u00e9veloppement d\u2019instruments \u00e9thiques pour l\u2019encadrement des relations entre les chercheurs et les communaut\u00e9s autochtones, nous proposons ici plusieurs outils.<\/p>\n<p>Sommaire<\/p>\n<ul>\n<li style=\"list-style-type: none;\">\n<ul>\n<li><a href=\"#module1\">M\u00e9thodologie de cr\u00e9ation d&rsquo;un outil \u00e9thique<\/a><\/li>\n<li><a href=\"#module2\">Instruments mod\u00e8les<\/a><\/li>\n<li><a href=\"#module3\">Outil d&rsquo;\u00e9valuation d&rsquo;un instrument<\/a><\/li>\n<\/ul>\n<\/li>\n<\/ul>\n<p>&nbsp;<\/p>\n<hr \/>\n<p><a id=\"module1\" name=\"module1\"><\/a><\/p>\n<h3><strong>M\u00e9thodologie de cr\u00e9ation d\u2019un outil \u00e9thique<\/strong><\/h3>\n<p>Nous proposons ici une m\u00e9thodologie pour la cr\u00e9ation d\u2019un outil \u00e9thique.<\/p>\n<p>Cette m\u00e9thodologie s\u2019appuie sur l\u2019analyse d\u2019un corpus de plus de 120 instruments \u00e9thiques d\u00e9velopp\u00e9s au Canada depuis 1992.<\/p>\n<p>Nous avons ainsi pu identifier les th\u00e8mes r\u00e9currents trait\u00e9s dans ces instruments et en \u00e9tablir une liste. Ces th\u00e8mes constituent autant de sujets de discussion que peuvent aborder des individus ou des groupes qui souhaitent d\u00e9velopper un outil \u00e9thique. Il ne s\u2019agit pas d\u2019une liste exhaustive. Des th\u00e8mes peuvent \u00eatre ajout\u00e9s ou supprim\u00e9s selon les int\u00e9r\u00eats des individus et des groupes.<\/p>\n<p>Pour chaque th\u00e8me nous proposons \u00e9galement une s\u00e9rie de questions non exhaustives qui visent \u00e0 encourager les discussions. Des questions peuvent \u00eatre ajout\u00e9es ou supprim\u00e9s selon les int\u00e9r\u00eats des individus et des groupes.<\/p>\n<p>Acc\u00e9der \u00e0 la m\u00e9thodologie : <a href=\"https:\/\/ethicshub.ca\/wp-content\/uploads\/2020\/05\/Me\u0301thodologie-Fr.docx\">M\u00e9thodologie<\/a><\/p>\n<p><a id=\"module2\" name=\"module2\"><\/a><\/p>\n<hr \/>\n<h3>Instruments mod\u00e8les<\/h3>\n<p>Nous proposons ici des instruments mod\u00e8les pour l\u2019encadrement des projets de recherche impliquant les Peuples Autochtones et leurs savoirs.<\/p>\n<p>Ces instruments ont \u00e9t\u00e9 d\u00e9velopp\u00e9 gr\u00e2ce \u00e0 un corpus de plus de 120 instruments \u00e9thiques d\u00e9velopp\u00e9s au Canada depuis 1992.<\/p>\n<p>Ce corpus nous a permis d\u2019identifier les th\u00e8mes r\u00e9currents trait\u00e9s dans les instruments \u00e9thiques ainsi que les meilleures pratiques observables pour chacun des th\u00e8mes.<\/p>\n<p>Les meilleures pratiques ont \u00e9t\u00e9 identifi\u00e9es gr\u00e2ce \u00e0 quatre indicateurs d\u2019une recherche \u00e9quitable que nous avons d\u00e9gag\u00e9s \u00e0 partir d\u2019une analyse de la litt\u00e9rature dans ce domaine\u00a0: la transparence, la participation des communaut\u00e9s, l\u2019hybridation des \u00e9changes et le partage des pouvoirs de d\u00e9cision.<\/p>\n<p><strong><u>Transparence\u00a0:<\/u><\/strong> Les communaut\u00e9s autochtones et leurs membres sont inform\u00e9s de la mani\u00e8re la plus compl\u00e8te possible tout au long des projets afin qu\u2019ils puissent prendre des d\u00e9cisions \u00e9clair\u00e9es.<\/p>\n<p><strong><u>Participation\u00a0:<\/u><\/strong> La participation des communaut\u00e9s au cours des diff\u00e9rentes phases de la recherche leur permet de s\u2019impliquer et de suivre l\u2019avancement des projets. Il s\u2019agit \u00e9galement d\u2019une opportunit\u00e9 de d\u00e9veloppement de nouvelles comp\u00e9tences.<\/p>\n<p><strong><u>Hybridation des \u00e9changes\u00a0:<\/u><\/strong> L\u2019hybridation des \u00e9changes consiste dans la mise en place de d\u00e9marches visant \u00e0 renforcer la compr\u00e9hension mutuelle entre les chercheurs et les communaut\u00e9s, par exemple par l\u2019information des communaut\u00e9s dans la langue de leur choix ou encore dans la remise de rapports ou publications selon des formes n\u00e9goci\u00e9es avec les communaut\u00e9s et adapt\u00e9es \u00e0 leurs besoins.<\/p>\n<p><strong><u>Partage des pouvoirs de d\u00e9cision\u00a0:<\/u><\/strong> Dans le cadre de projets men\u00e9s en collaboration avec des partenaires autochtones, ces derniers doivent pouvoir participer aux prises de d\u00e9cisions au m\u00eame titre que les chercheurs. Il s\u2019agit notamment du droit de d\u00e9finir l\u2019\u00e9tendue de l\u2019utilisation de leurs savoirs. Ils doivent \u00e9galement disposer par exemple d\u2019un droit de regard et de d\u00e9cision quant aux publications qui d\u00e9coulent d\u2019un projet et sur les possibilit\u00e9s de valorisation (notamment le d\u00e9p\u00f4t d\u2019un brevet). En somme ces pouvoirs de d\u00e9cision doivent permettre aux participants autochtones de d\u00e9cider des conditions selon lesquelles leurs savoirs seront utilis\u00e9s et partag\u00e9s \u00e0 l\u2019ext\u00e9rieur du groupe autochtone.<\/p>\n<p>Ces mod\u00e8les constituent des propositions qui peuvent \u00eatre librement modifi\u00e9es par les individus et les groupes en fonction de leurs besoins et de leurs int\u00e9r\u00eats.<\/p>\n<p>Acc\u00e9der au mod\u00e8le de code \u00e9thique : <a href=\"https:\/\/ethicshub.ca\/wp-content\/uploads\/2020\/05\/Code-Fr.docx\">ici.<\/a><br \/>\nAcc\u00e9der au mod\u00e8le de formulaire de consentement : <a href=\"https:\/\/ethicshub.ca\/wp-content\/uploads\/2020\/06\/Mode\u0300le-formulaire-de-consentement-FR-2.docx\">de ce c\u00f4t\u00e9.<\/a><br \/>\nAcc\u00e9der au mod\u00e8le d&rsquo;entente de collaboration : <a href=\"https:\/\/ethicshub.ca\/wp-content\/uploads\/2020\/06\/Mode\u0300le-dentente-de-collaboration-FR-1.docx\">par-l\u00e0<\/a>.<\/p>\n<p><a id=\"module3\" name=\"module3\"><\/a><\/p>\n<hr \/>\n<h3><strong>Outil d\u2019\u00e9valuation d\u2019un instrument \u00e9thique<\/strong><\/h3>\n<p>Dans certains cas, il peut \u00eatre n\u00e9cessaire d\u2019\u00e9valuer des instruments d\u2019\u00e9thiques. Cela peut \u00eatre le cas lorsqu\u2019une communaut\u00e9 est contact\u00e9e pour participer \u00e0 un projet et qu\u2019un accord de collaboration lui est propos\u00e9. Il peut \u00e9galement s\u2019agir de cherheur.e.s finalisant la r\u00e9daction d\u2019un instrument. Nous proposons pour cela une grille d\u2019\u00e9valuation.<\/p>\n<p>Cette grille a \u00e9t\u00e9 d\u00e9velopp\u00e9e gr\u00e2ce \u00e0 un corpus de plus de 120 instruments \u00e9thiques d\u00e9velopp\u00e9s au Canada depuis 1992. Ce corpus nous a permis d\u2019identifier les th\u00e8mes r\u00e9currents trait\u00e9s dans ces instruments.<\/p>\n<p>La grille permet donc de d\u00e9terminer si les th\u00e8mes r\u00e9currents au Canada sont bien trait\u00e9s dans l\u2019instrument analys\u00e9 et d\u2019en commenter la qualit\u00e9.<\/p>\n<p>Acc\u00e9der \u00e0 l&rsquo;outil d&rsquo;\u00e9valuation : <a href=\"https:\/\/ethicshub.ca\/wp-content\/uploads\/2020\/05\/E\u0301valuation-Fr.xlsx\">\u00c9valuation<\/a><\/p>\n","protected":false},"excerpt":{"rendered":"<p>Cr\u00e9ation et \u00e9valuation d&rsquo;instruments \u00e9thiques Les instruments \u00e9thiques peuvent contribuer \u00e0 l\u2019\u00e9tablissement de relations plus respectueuses et \u00e9quitables entre les communaut\u00e9s autochtones\u00a0et les chercheurs. Le d\u00e9veloppement de ces instruments peut \u00e9galement contribuer \u00e0 la revitalisation des cultures juridiques autochtones ainsi qu\u2019\u00e0 l\u2019auto-d\u00e9termination des communaut\u00e9s. Pour les chercheurs, cet exercice peut leur permettre de faire \u00e9voluer [&hellip;]<\/p>\n","protected":false},"author":1,"featured_media":0,"parent":1165,"menu_order":0,"comment_status":"closed","ping_status":"closed","template":"","meta":{"_acf_changed":false,"footnotes":""},"class_list":["post-1217","page","type-page","status-publish","hentry"],"acf":[],"_links":{"self":[{"href":"https:\/\/ethicshub.ca\/fr\/wp-json\/wp\/v2\/pages\/1217","targetHints":{"allow":["GET"]}}],"collection":[{"href":"https:\/\/ethicshub.ca\/fr\/wp-json\/wp\/v2\/pages"}],"about":[{"href":"https:\/\/ethicshub.ca\/fr\/wp-json\/wp\/v2\/types\/page"}],"author":[{"embeddable":true,"href":"https:\/\/ethicshub.ca\/fr\/wp-json\/wp\/v2\/users\/1"}],"replies":[{"embeddable":true,"href":"https:\/\/ethicshub.ca\/fr\/wp-json\/wp\/v2\/comments?post=1217"}],"version-history":[{"count":14,"href":"https:\/\/ethicshub.ca\/fr\/wp-json\/wp\/v2\/pages\/1217\/revisions"}],"predecessor-version":[{"id":1499,"href":"https:\/\/ethicshub.ca\/fr\/wp-json\/wp\/v2\/pages\/1217\/revisions\/1499"}],"up":[{"embeddable":true,"href":"https:\/\/ethicshub.ca\/fr\/wp-json\/wp\/v2\/pages\/1165"}],"wp:attachment":[{"href":"https:\/\/ethicshub.ca\/fr\/wp-json\/wp\/v2\/media?parent=1217"}],"curies":[{"name":"wp","href":"https:\/\/api.w.org\/{rel}","templated":true}]}}