{"id":915,"date":"2020-05-12T15:42:09","date_gmt":"2020-05-12T19:42:09","guid":{"rendered":"http:\/\/ethicshub.ca\/a-propos\/"},"modified":"2020-06-06T18:00:48","modified_gmt":"2020-06-06T22:00:48","slug":"a-propos","status":"publish","type":"page","link":"https:\/\/ethicshub.ca\/fr\/a-propos\/","title":{"rendered":"\u00c0 propos"},"content":{"rendered":"<p><strong><em>Le hub de l\u2019\u00e9thique<\/em> est l\u2019initiative de Thomas Burelli, professeur en droit \u00e0 la Section de droit civil de la l\u2019Universit\u00e9 d\u2019Ottawa.<\/strong><\/p>\n<p>L\u2019objectif principal du hub de l\u2019\u00e9thique est de regrouper et de partager un ensemble de ressources pouvant contribuer \u00e0 l\u2019\u00e9tablissement de relations plus respectueuses et \u00e9quitables entre les chercheurs et les communaut\u00e9s autochtones et locales.<\/p>\n<p>Ces ressources d\u00e9coulent des <a href=\"https:\/\/ruor.uottawa.ca\/handle\/10393\/39666\">recherches doctorales<\/a> de Thomas Burelli compl\u00e9t\u00e9es en 2019 et de son exp\u00e9rience accumul\u00e9e depuis 2009 dans le champ de la lutte contre la biopiraterie et le d\u00e9veloppement d\u2019outils \u00e9thiques pour la recherche impliquant les communaut\u00e9s autochtones et locales.<\/p>\n<p><strong>Ce que contient le hub de l\u2019\u00e9thique\u00a0:<\/strong><\/p>\n<ul>\n<li>Une liste d\u2019instruments d\u2019encadrement de la recherche impliquant les Peuples Autochtones d\u00e9velopp\u00e9s au Canada et ailleurs (codes \u00e9thique, accords de collaboration, etc.).<\/li>\n<li>Une pr\u00e9sentation des enjeux \u00e9thiques de la recherche impliquant les Peuples Autochtones.<\/li>\n<li>Une liste des meilleurs pratiques \u00e9thiques identifi\u00e9es \u00e0 partir de ces instruments.<\/li>\n<li>Des outils d\u2019\u00e9valuations des relations entre les chercheurs et les Peuples Autochtones.<\/li>\n<li>Des m\u00e9thodes pour la cr\u00e9ation d\u2019outils d\u2019encadrement de la recherche impliquant les Peuples Autochtones.<\/li>\n<li>Des instruments mod\u00e8les d\u2019encadrement de la recherche impliquant les Peuples Autochtones.<\/li>\n<li>Des outils de sensibilisation et de formation aux enjeux de la recherche impliquant les Peuples Autochtones.<\/li>\n<\/ul>\n<h3>Fondateur du Hub de l&rsquo;\u00e9thique<\/h3>\n<p><img fetchpriority=\"high\" decoding=\"async\" class=\"size-medium wp-image-1058 alignleft\" src=\"https:\/\/ethicshub.ca\/wp-content\/uploads\/2020\/05\/Thomas-Burelli-240x300.jpg\" alt=\"\" width=\"240\" height=\"300\" srcset=\"https:\/\/ethicshub.ca\/wp-content\/uploads\/2020\/05\/Thomas-Burelli-240x300.jpg 240w, https:\/\/ethicshub.ca\/wp-content\/uploads\/2020\/05\/Thomas-Burelli-819x1024.jpg 819w, https:\/\/ethicshub.ca\/wp-content\/uploads\/2020\/05\/Thomas-Burelli-768x960.jpg 768w, https:\/\/ethicshub.ca\/wp-content\/uploads\/2020\/05\/Thomas-Burelli-1228x1536.jpg 1228w, https:\/\/ethicshub.ca\/wp-content\/uploads\/2020\/05\/Thomas-Burelli-1638x2048.jpg 1638w, https:\/\/ethicshub.ca\/wp-content\/uploads\/2020\/05\/Thomas-Burelli-scaled.jpg 2047w\" sizes=\"(max-width: 240px) 100vw, 240px\" \/><\/p>\n<p><strong>Thomas Burelli<\/strong> est professeur adjoint en droit au sein de la Facult\u00e9 de droit civil de l\u2019Universit\u00e9 d\u2019Ottawa. Ses domaines d\u2019expertise sont le droit de l\u2019environnement, la propri\u00e9t\u00e9 intellectuelle, le droit des peuples autochtones, et l\u2019\u00e9thique. Ses recherches portent en particulier sur la d\u00e9colonisation des rapports entre les scientifiques et les communaut\u00e9s autochtones.<\/p>\n<p>Thomas Burelli a \u00e9t\u00e9 invit\u00e9 \u00e0 partir de 2008 \u00e0 travailler dans le champ de l\u2019\u00e9thique de la recherche impliquant les Peuples Autochtones par son mentor <a href=\"https:\/\/independent.academia.edu\/R%25C3%25A9gisLAFARGUE\">R\u00e9gis Lafargue<\/a>. Dans le cadre de ses recherches, Thomas Burelli a effectu\u00e9 plusieurs missions dans l\u2019outre-mer fran\u00e7ais (Guyane fran\u00e7aise, Polyn\u00e9sie fran\u00e7aise et Nouvelle-Cal\u00e9donie). Il a contribu\u00e9 aux c\u00f4t\u00e9s de la Fondation France libert\u00e9s \u2013 Danielle Mitterrand \u00e0 d\u00e9noncer plusieurs cas de biopiraterie (notamment ceux portant sur le Faux Tabac et Quassia Amara). Il a \u00e9galement r\u00e9dig\u00e9 avec <a href=\"https:\/\/www.researchgate.net\/profile\/Tamatoa_Bambridge\">Tamatoa Bambridge<\/a> (Centre Nationale de la Recherche Scientifique) le premier <a href=\"https:\/\/www.academia.edu\/16300402\/Le_code_%C3%A9thique_du_Centre_de_Recherches_Insulaires_et_Observatoire_de_l_Environnement_Criobe_\">code \u00e9thique<\/a> fran\u00e7ais pour les recherches impliquant les populations autochtones et locales.<\/p>\n<p>\u00c0 partir de 2012, Thomas Burelli s\u2019est int\u00e9ress\u00e9 aux outils d\u00e9velopp\u00e9s par les acteurs des milieux autochtones et de la recherche au Canada. Dans le cadre de ses <a href=\"https:\/\/ruor.uottawa.ca\/handle\/10393\/39666\">recherches doctorales<\/a> compl\u00e9t\u00e9es en 2019, il a identifi\u00e9 et analys\u00e9 de mani\u00e8re d\u00e9taill\u00e9es plus de 120 instruments (codes \u00e9thique, accords de collaborations, formulaires de consentement, etc.).<\/p>\n<h3><\/h3>\n<h3><\/h3>\n<h3>Assistante de recherche<\/h3>\n<p><img decoding=\"async\" class=\"size-medium wp-image-1060 alignleft\" src=\"https:\/\/ethicshub.ca\/wp-content\/uploads\/2020\/05\/RajaNeelum-240x300.jpg\" alt=\"\" width=\"240\" height=\"300\" srcset=\"https:\/\/ethicshub.ca\/wp-content\/uploads\/2020\/05\/RajaNeelum-240x300.jpg 240w, https:\/\/ethicshub.ca\/wp-content\/uploads\/2020\/05\/RajaNeelum-819x1024.jpg 819w, https:\/\/ethicshub.ca\/wp-content\/uploads\/2020\/05\/RajaNeelum-768x960.jpg 768w, https:\/\/ethicshub.ca\/wp-content\/uploads\/2020\/05\/RajaNeelum-1228x1536.jpg 1228w, https:\/\/ethicshub.ca\/wp-content\/uploads\/2020\/05\/RajaNeelum-1638x2048.jpg 1638w, https:\/\/ethicshub.ca\/wp-content\/uploads\/2020\/05\/RajaNeelum-scaled.jpg 2047w\" sizes=\"(max-width: 240px) 100vw, 240px\" \/><\/p>\n<p><strong>Neelum Raja<\/strong> est une \u00e9tudiante en droit \u00e0 la Section de Common Law de l&rsquo;Universit\u00e9 d&rsquo;Ottawa. Son int\u00e9r\u00eat pour les connaissances et les syst\u00e8mes juridiques autochtones est n\u00e9 \u00e0 La Ronge (Saskatchewan), o\u00f9 elle a \u00e9t\u00e9 largement expos\u00e9e \u00e0 la culture, aux valeurs et \u00e0 l&rsquo;art des Cris des plaines. En 2019, Neelum Raja s&rsquo;est int\u00e9ress\u00e9e aux enjeux \u00e0 l&rsquo;intersection de la propri\u00e9t\u00e9 intellectuelle, des connaissances traditionnelles et du partage des avantages. En 2020, elle a r\u00e9dig\u00e9 une dissertation sur le sujet, a particip\u00e9 au d\u00e9veloppement de jeux (histoires interactives), \u00e0 la conception du site web du Hub de l&rsquo;\u00e9thique ainsi qu&rsquo;\u00e0 la traduction de son contenu.<\/p>\n<h3><\/h3>\n<h3><\/h3>\n<h3><\/h3>\n<h3><\/h3>\n<h3><\/h3>\n<h3>Partenaires<\/h3>\n<p><img decoding=\"async\" class=\"wp-image-1054 alignleft\" style=\"margin-top: -30px; margin-left: -20px;\" src=\"https:\/\/ethicshub.ca\/wp-content\/uploads\/2020\/05\/Faculty-logo-300x144.png\" alt=\"\" width=\"267\" height=\"128\" srcset=\"https:\/\/ethicshub.ca\/wp-content\/uploads\/2020\/05\/Faculty-logo-300x144.png 300w, https:\/\/ethicshub.ca\/wp-content\/uploads\/2020\/05\/Faculty-logo.png 522w\" sizes=\"(max-width: 267px) 100vw, 267px\" \/> <img loading=\"lazy\" decoding=\"async\" class=\"wp-image-1062 alignleft\" style=\"margin-top: -20px;\" src=\"https:\/\/ethicshub.ca\/wp-content\/uploads\/2020\/05\/france-libertes-300x294.jpg\" alt=\"\" width=\"124\" height=\"122\" srcset=\"https:\/\/ethicshub.ca\/wp-content\/uploads\/2020\/05\/france-libertes-300x294.jpg 300w, https:\/\/ethicshub.ca\/wp-content\/uploads\/2020\/05\/france-libertes-1024x1004.jpg 1024w, https:\/\/ethicshub.ca\/wp-content\/uploads\/2020\/05\/france-libertes-768x753.jpg 768w, https:\/\/ethicshub.ca\/wp-content\/uploads\/2020\/05\/france-libertes-1536x1505.jpg 1536w, https:\/\/ethicshub.ca\/wp-content\/uploads\/2020\/05\/france-libertes-2048x2007.jpg 2048w\" sizes=\"(max-width: 124px) 100vw, 124px\" \/> <img loading=\"lazy\" decoding=\"async\" class=\"wp-image-1056 alignleft\" style=\"margin-left: 24px;\" src=\"https:\/\/ethicshub.ca\/wp-content\/uploads\/2020\/05\/LFO_E_logo-300x127.png\" alt=\"\" width=\"196\" height=\"82\" srcset=\"https:\/\/ethicshub.ca\/wp-content\/uploads\/2020\/05\/LFO_E_logo-300x127.png 300w, https:\/\/ethicshub.ca\/wp-content\/uploads\/2020\/05\/LFO_E_logo.png 450w\" sizes=\"(max-width: 196px) 100vw, 196px\" \/><\/p>\n","protected":false},"excerpt":{"rendered":"<p>Le hub de l\u2019\u00e9thique est l\u2019initiative de Thomas Burelli, professeur en droit \u00e0 la Section de droit civil de la l\u2019Universit\u00e9 d\u2019Ottawa. L\u2019objectif principal du hub de l\u2019\u00e9thique est de regrouper et de partager un ensemble de ressources pouvant contribuer \u00e0 l\u2019\u00e9tablissement de relations plus respectueuses et \u00e9quitables entre les chercheurs et les communaut\u00e9s autochtones [&hellip;]<\/p>\n","protected":false},"author":1,"featured_media":194,"parent":0,"menu_order":0,"comment_status":"closed","ping_status":"closed","template":"","meta":{"_acf_changed":false,"footnotes":""},"class_list":["post-915","page","type-page","status-publish","has-post-thumbnail","hentry"],"acf":[],"_links":{"self":[{"href":"https:\/\/ethicshub.ca\/fr\/wp-json\/wp\/v2\/pages\/915","targetHints":{"allow":["GET"]}}],"collection":[{"href":"https:\/\/ethicshub.ca\/fr\/wp-json\/wp\/v2\/pages"}],"about":[{"href":"https:\/\/ethicshub.ca\/fr\/wp-json\/wp\/v2\/types\/page"}],"author":[{"embeddable":true,"href":"https:\/\/ethicshub.ca\/fr\/wp-json\/wp\/v2\/users\/1"}],"replies":[{"embeddable":true,"href":"https:\/\/ethicshub.ca\/fr\/wp-json\/wp\/v2\/comments?post=915"}],"version-history":[{"count":4,"href":"https:\/\/ethicshub.ca\/fr\/wp-json\/wp\/v2\/pages\/915\/revisions"}],"predecessor-version":[{"id":1477,"href":"https:\/\/ethicshub.ca\/fr\/wp-json\/wp\/v2\/pages\/915\/revisions\/1477"}],"wp:featuredmedia":[{"embeddable":true,"href":"https:\/\/ethicshub.ca\/fr\/wp-json\/wp\/v2\/media\/194"}],"wp:attachment":[{"href":"https:\/\/ethicshub.ca\/fr\/wp-json\/wp\/v2\/media?parent=915"}],"curies":[{"name":"wp","href":"https:\/\/api.w.org\/{rel}","templated":true}]}}